{"id":1111,"date":"2023-02-13T13:07:45","date_gmt":"2023-02-13T13:07:45","guid":{"rendered":"https:\/\/fr.gmsuites.gr\/?page_id=1111"},"modified":"2023-10-29T09:22:37","modified_gmt":"2023-10-29T09:22:37","slug":"about-us","status":"publish","type":"page","link":"https:\/\/gmsuites.gr\/french\/about-us\/","title":{"rendered":"\u00c0 propos"},"content":{"rendered":"<p>[vc_row el_class=\u00a0\u00bbsohohotel-content-inner\u00a0\u00bb][vc_column]<h3 class=\"sohohotel-title-25px sohohotel-clearfix sohohotel-title-left\">Pour le logement<\/h3>[vc_column_text]Il est situ\u00e9 \u00e0 une rue au-dessus du port pittoresque de Sitia \u00e0 une distance tr\u00e8s proche de la forteresse v\u00e9nitienne historique de Kazarmas. Notre logement est construit sur 3 niveaux avec toutes les suites offrant une vue magique sur la baie de la ville. Aussi toutes, sans exception, disposent d&rsquo;une terrasse ainsi que d&rsquo;un spa ext\u00e9rieur chauff\u00e9 pour des moments de ressourcement et de bien-\u00eatre de chaque instant.<\/p>\n<p>Il est con\u00e7u dans une architecture minimale caract\u00e9ristique par le bureau distingu\u00e9 OPSIS DESIGN et fait de mat\u00e9riaux luxueux et naturels tels que le marbre Dionysos, le verre et le bois, qui lui conf\u00e8rent une sensation de luxe \u00e9l\u00e9gant. Toutes les salles de bains ont orthomarbling. Le logement est de classe \u00e9nerg\u00e9tique A+, dispose d&rsquo;appareils \u00e0 faible consommation d&rsquo;\u00e9nergie et de lampes \u00e0 led. Egalement des panneaux solaires pour l&rsquo;approvisionnement en eau chaude 24h\/24 et des panneaux photovolta\u00efques pour r\u00e9pondre \u00e0 ses besoins en \u00e9lectricit\u00e9. Il dispose \u00e9galement d&rsquo;une borne de recharge de v\u00e9hicules \u00e9lectriques pour les clients, d&rsquo;une puissance de 22kw.<\/p>\n<p>Le logement dispose de 6 suites luxueuses et \u00e9l\u00e9gantes\u00a0 toutes avec une vue imprenable sur le bleu infini.Il se compose d&rsquo;espaces communs spacieux, d&rsquo;un ascenseur, d&rsquo;une salle de sport enti\u00e8rement \u00e9quip\u00e9e avec des machines ainsi que des poids libres, une couverture wifi compl\u00e8te avec une haute -internet haut d\u00e9bit fibre.<\/p>\n<p>Nos h\u00e9bergements sont con\u00e7us de mani\u00e8re \u00e0 r\u00e9pondre \u00e0 l&rsquo;ensemble des cahiers des charges pour les personnes \u00e0 mobilit\u00e9 r\u00e9duite. De plus une suite sp\u00e9cifique est \u00e0 disposition avec des structures d&rsquo;accueil et de soins exclusivement pour les personnes \u00e0 mobilit\u00e9 r\u00e9duite.<\/p>\n<p>La possibilit\u00e9 de recevoir et de servir les h\u00f4tes de notre h\u00e9bergement est pr\u00e9vue 24 heures sur 24. De plus, sur demande, un service de transfert de bagages, un changement de v\u00eatements quotidien et un service de nettoyage quotidien, utilisant des produits \u00e9cologiques, sont disponibles.<\/p>\n<p>C&rsquo;est sans aucun doute un h\u00e9bergement moderne et luxueux, dans un point g\u00e9ographique privil\u00e9gi\u00e9 de la ville, d&rsquo;une esth\u00e9tique in\u00e9gal\u00e9e, qui allie l&rsquo;atmosph\u00e8re d\u00e9tendue \u00e0 l&rsquo;hospitalit\u00e9 incomparable.[\/vc_column_text][vc_empty_space height=\u00a0\u00bb40px\u00a0\u00bb][\/vc_column][\/vc_row]<\/p>\n","protected":false},"excerpt":{"rendered":"<p>[vc_row el_class=\u00a0\u00bbsohohotel-content-inner\u00a0\u00bb][vc_column][vc_column_text]Il est situ\u00e9 \u00e0 une rue au-dessus du port pittoresque de Sitia \u00e0 une distance tr\u00e8s proche de la forteresse v\u00e9nitienne historique de Kazarmas. Notre logement est construit sur 3 niveaux avec toutes les suites offrant une vue magique sur la baie de la ville. Aussi toutes, sans exception, disposent d&rsquo;une terrasse ainsi que<\/p>\n<a href=\"https:\/\/gmsuites.gr\/french\/about-us\/\" class=\"sohohotel-more-link\">Read More<\/a>","protected":false},"author":1,"featured_media":1266,"parent":0,"menu_order":0,"comment_status":"closed","ping_status":"closed","template":"","meta":{"_monsterinsights_skip_tracking":false,"_monsterinsights_sitenote_active":false,"_monsterinsights_sitenote_note":"","_monsterinsights_sitenote_category":0,"footnotes":""},"aioseo_notices":[],"_links":{"self":[{"href":"https:\/\/gmsuites.gr\/french\/wp-json\/wp\/v2\/pages\/1111"}],"collection":[{"href":"https:\/\/gmsuites.gr\/french\/wp-json\/wp\/v2\/pages"}],"about":[{"href":"https:\/\/gmsuites.gr\/french\/wp-json\/wp\/v2\/types\/page"}],"author":[{"embeddable":true,"href":"https:\/\/gmsuites.gr\/french\/wp-json\/wp\/v2\/users\/1"}],"replies":[{"embeddable":true,"href":"https:\/\/gmsuites.gr\/french\/wp-json\/wp\/v2\/comments?post=1111"}],"version-history":[{"count":7,"href":"https:\/\/gmsuites.gr\/french\/wp-json\/wp\/v2\/pages\/1111\/revisions"}],"predecessor-version":[{"id":1328,"href":"https:\/\/gmsuites.gr\/french\/wp-json\/wp\/v2\/pages\/1111\/revisions\/1328"}],"wp:featuredmedia":[{"embeddable":true,"href":"https:\/\/gmsuites.gr\/french\/wp-json\/wp\/v2\/media\/1266"}],"wp:attachment":[{"href":"https:\/\/gmsuites.gr\/french\/wp-json\/wp\/v2\/media?parent=1111"}],"curies":[{"name":"wp","href":"https:\/\/api.w.org\/{rel}","templated":true}]}}