{"id":297,"date":"2022-05-17T05:55:58","date_gmt":"2022-05-17T05:55:58","guid":{"rendered":"https:\/\/fr.gmsuites.gr\/?page_id=297"},"modified":"2023-10-29T09:39:02","modified_gmt":"2023-10-29T09:39:02","slug":"about-us-under-request","status":"publish","type":"page","link":"https:\/\/gmsuites.gr\/french\/about-us-under-request\/","title":{"rendered":"Services suppl\u00e9mentaires payants (sur demande)"},"content":{"rendered":"<p>[vc_row fixed_width=\u00a0\u00bbtrue\u00a0\u00bb css=\u00a0\u00bb.vc_custom_1627562291998{margin-top: 0px !important;margin-bottom: 0px !important;border-top-width: 0px !important;border-bottom-width: 0px !important;padding-top: 10px !important;padding-bottom: 0px !important;}\u00a0\u00bb][vc_column css=\u00a0\u00bb.vc_custom_1627562322556{margin-top: 0px !important;margin-bottom: 0px !important;border-top-width: 0px !important;border-bottom-width: 0px !important;padding-top: 0px !important;padding-bottom: 0px !important;}\u00a0\u00bb]<div class=\"sohohotel-fixed-height-text-image-wrapper sohohotel-clearfix\"><div class=\"sohohotel-fixed-height-text-wrapper sohohotel-fixed-height-text-wrapper-left\"><h3 class=\"sohohotel-title-28px sohohotel-clearfix sohohotel-title-left\">Service de massage th\u00e9rapeutique et cosm\u00e9tique avec visite de nos locaux<\/h3>Dorlotez-vous de la mani\u00e8re la plus id\u00e9ale, en lui offrant des moments de calme et de plaisir. Choisissez pour vous ou les v\u00f4tres, un massage relaxant, entre les mains de professionnels bien form\u00e9s et innovants. Nous garantissons votre satisfaction et votre rajeunissement avec cette exp\u00e9rience th\u00e9rapeutique et ultra relaxante. Offrez-vous des moments de bien-\u00eatre et de tranquillit\u00e9, quand vous le souhaitez, faites-le nous savoir puisque le service indiqu\u00e9 est assur\u00e9 sur rendez-vous.<\/div><div class=\"sohohotel-fixed-height-image-wrapper sohohotel-fixed-height-image-wrapper-right\"><div class=\"sohohotel-fixed-height-image\" style=\"background-image: url(https:\/\/gmsuites.gr\/french\/wp-content\/uploads\/sites\/3\/2023\/03\/massage-e1677749161224.jpg); background-size: 600px 400px; height: 400px;\"><\/div><\/div><\/div><div class=\"sohohotel-fixed-height-text-image-wrapper sohohotel-clearfix\"><div class=\"sohohotel-fixed-height-text-wrapper sohohotel-fixed-height-text-wrapper-right\"><h3 class=\"sohohotel-title-28px sohohotel-clearfix sohohotel-title-left\">Service de soins capillaires avec visite dans nos locaux<\/h3><\/p>\n<p style=\"text-align: left;\">Les coiffeurs professionnels sp\u00e9cialis\u00e9s s&rsquo;occuperont de couper ou de peigner vos cheveux, toujours guid\u00e9s par les nouvelles tendances de la mode mais aussi votre style personnel, avec des produits de qualit\u00e9, pour une apparence soign\u00e9e \u00e0 toutes les heures de la journ\u00e9e et un r\u00e9sultat hautement professionnel qui dure. Le service est fourni sur rendez-vous, en fixant un rendez-vous \u00e0 un moment qui vous convient.<\/p>\n<p><\/div><div class=\"sohohotel-fixed-height-image-wrapper sohohotel-fixed-height-image-wrapper-left\"><div class=\"sohohotel-fixed-height-image\" style=\"background-image: url(https:\/\/gmsuites.gr\/french\/wp-content\/uploads\/sites\/3\/2023\/03\/hairdresser-e1677749186242.jpg); background-size: 600px 400px; height: 400px;\"><\/div><\/div><\/div><div class=\"sohohotel-fixed-height-text-image-wrapper sohohotel-clearfix\"><div class=\"sohohotel-fixed-height-text-wrapper sohohotel-fixed-height-text-wrapper-left\"><h3 class=\"sohohotel-title-28px sohohotel-clearfix sohohotel-title-left\">Manucure - service de penticure avec visite chez nous<\/h3>Offrez-vous le traitement confortable de vos extr\u00e9mit\u00e9s par des artistes sp\u00e9cialis\u00e9s dans les ongles afin que vous puissiez profiter d&rsquo;une manucure simple, rapide, mais professionnelle et compl\u00e8te, d&rsquo;un bain de pieds hydratant ou d&rsquo;une p\u00e9dicure luxueuse. Le service est fourni apr\u00e8s consultation avec nous, en fixant un rendez-vous \u00e0 un moment qui vous convient.<\/div><div class=\"sohohotel-fixed-height-image-wrapper sohohotel-fixed-height-image-wrapper-right\"><div class=\"sohohotel-fixed-height-image\" style=\"background-image: url(https:\/\/gmsuites.gr\/french\/wp-content\/uploads\/sites\/3\/2023\/03\/manicure-e1677749219373.jpg); background-size: 600px 400px; height: 400px;\"><\/div><\/div><\/div>[\/vc_column][\/vc_row][vc_row css=\u00a0\u00bb.vc_custom_1627553435640{margin-top: 0px !important;margin-right: 0px !important;margin-bottom: 45px !important;margin-left: 0px !important;border-top-width: 0px !important;border-right-width: 0px !important;border-bottom-width: 0px !important;border-left-width: 0px !important;padding-top: 0px !important;padding-right: 0px !important;padding-bottom: 0px !important;padding-left: 0px !important;}\u00a0\u00bb][vc_column css=\u00a0\u00bb.vc_custom_1627553414681{margin-top: 0px !important;margin-right: 0px !important;margin-bottom: 0px !important;margin-left: 0px !important;border-top-width: 0px !important;border-right-width: 0px !important;border-bottom-width: 0px !important;border-left-width: 0px !important;padding-top: 0px !important;padding-right: 0px !important;padding-bottom: 0px !important;padding-left: 0px !important;}\u00a0\u00bb]<div class=\"sohohotel-fixed-height-text-image-wrapper sohohotel-clearfix\"><div class=\"sohohotel-fixed-height-text-wrapper sohohotel-fixed-height-text-wrapper-right\"><h3 class=\"sohohotel-title-28px sohohotel-clearfix sohohotel-title-left\">Service de nettoyage ext\u00e9rieur<\/h3>Le service externe d&rsquo;entretien et de nettoyage de vos v\u00eatements par le biais d&rsquo;un pressing offre un moyen simple, rapide et avantageux de nettoyer et s\u00e9cher vos v\u00eatements directement depuis des laveries professionnelles, de haute qualit\u00e9 et technologiques. Le service est disponible.<\/div><div class=\"sohohotel-fixed-height-image-wrapper sohohotel-fixed-height-image-wrapper-left\"><div class=\"sohohotel-fixed-height-image\" style=\"background-image: url(https:\/\/gmsuites.gr\/french\/wp-content\/uploads\/sites\/3\/2023\/03\/Dry-Cleaning-2-1-e1677749270591.png); background-size: 600px 400px; height: 400px;\"><\/div><\/div><\/div><div class=\"sohohotel-fixed-height-text-image-wrapper sohohotel-clearfix\"><div class=\"sohohotel-fixed-height-text-wrapper sohohotel-fixed-height-text-wrapper-left\"><h3 class=\"sohohotel-title-28px sohohotel-clearfix sohohotel-title-left\">Service de nettoyage (en plus du quotidien)<\/h3>La propret\u00e9 est l&rsquo;une des caract\u00e9ristiques les plus remarquables d&rsquo;un h\u00e9bergement de luxe. C&rsquo;est pourquoi nous nous assurons que nos suites sont impeccablement propres et imm\u00e9diatement pr\u00eates pour nos clients. Des services de nettoyage quotidiens et des changements de linge, sur demande, garantissent que vos appartements restent propres et rang\u00e9s tout au long de la journ\u00e9e. Le service est fourni sur demande.<\/div><div class=\"sohohotel-fixed-height-image-wrapper sohohotel-fixed-height-image-wrapper-right\"><div class=\"sohohotel-fixed-height-image\" style=\"background-image: url(https:\/\/gmsuites.gr\/french\/wp-content\/uploads\/sites\/3\/2023\/03\/Cleaning-Services-2-1-e1677749282904.jpg); background-size: 600px 400px; height: 400px;\"><\/div><\/div><\/div>[vc_separator color=\u00a0\u00bbcustom\u00a0\u00bb accent_color=\u00a0\u00bb#dedede\u00a0\u00bb][\/vc_column][\/vc_row][vc_row css=\u00a0\u00bb.vc_custom_1669888924499{margin-top: 0px !important;margin-bottom: 10px !important;border-top-width: 0px !important;border-bottom-width: 0px !important;padding-top: 0px !important;padding-bottom: 0px !important;}\u00a0\u00bb el_class=\u00a0\u00bbhidden\u00a0\u00bb][vc_column css=\u00a0\u00bb.vc_custom_1669888850297{margin-top: 0px !important;margin-bottom: 0px !important;border-top-width: 0px !important;border-bottom-width: 0px !important;padding-top: 0px !important;padding-bottom: 0px !important;}\u00a0\u00bb el_class=\u00a0\u00bbhidden\u00a0\u00bb]<h3 class=\"sohohotel-title-28px sohohotel-clearfix sohohotel-title-center\">Hotel Facilities<\/h3>[vc_empty_space height=\u00a0\u00bb20px\u00a0\u00bb]<section class=\"sohohotel-icon-text-wrapper-1 sohohotel-clearfix\"><div class=\"sohohotel-icon-text-block sohohotel-clearfix\">\n\t\t<div class=\"sohohotel-icon\"><i class=\"fas fa-binoculars\"><\/i><\/div>\n\t\t<div class=\"sohohotel-text\">\n\t\t\t<h4>Great Views<\/h4>\n\t\t\t<p>Proin felis mauris, fermentum non condimentum id, porttitor in nisl curabitur euismod convallis.<\/p>\n\t\t<\/div>\n\t\t<\/div><div class=\"sohohotel-icon-text-block sohohotel-clearfix\">\n\t\t<div class=\"sohohotel-icon\"><i class=\"fas fa-swimming-pool\"><\/i><\/div>\n\t\t<div class=\"sohohotel-text\">\n\t\t\t<h4>Swimming Pool<\/h4>\n\t\t\t<p>Proin felis mauris, fermentum non condimentum id, porttitor in nisl curabitur euismod convallis.<\/p>\n\t\t<\/div>\n\t\t<\/div><div class=\"sohohotel-icon-text-block sohohotel-clearfix\">\n\t\t<div class=\"sohohotel-icon\"><i class=\"fas fa-compass\"><\/i><\/div>\n\t\t<div class=\"sohohotel-text\">\n\t\t\t<h4>South Facing<\/h4>\n\t\t\t<p>Proin felis mauris, fermentum non condimentum id, porttitor in nisl curabitur euismod convallis.<\/p>\n\t\t<\/div>\n\t\t<\/div><div class=\"sohohotel-icon-text-block sohohotel-clearfix\">\n\t\t<div class=\"sohohotel-icon\"><i class=\"fas fa-map-marked-alt\"><\/i><\/div>\n\t\t<div class=\"sohohotel-text\">\n\t\t\t<h4>Nice Location<\/h4>\n\t\t\t<p>Proin felis mauris, fermentum non condimentum id, porttitor in nisl curabitur euismod convallis.<\/p>\n\t\t<\/div>\n\t\t<\/div><\/section>[\/vc_column][\/vc_row]<\/p>\n","protected":false},"excerpt":{"rendered":"<p>[vc_row fixed_width=\u00a0\u00bbtrue\u00a0\u00bb css=\u00a0\u00bb.vc_custom_1627562291998{margin-top: 0px !important;margin-bottom: 0px !important;border-top-width: 0px !important;border-bottom-width: 0px !important;padding-top: 10px !important;padding-bottom: 0px !important;}\u00a0\u00bb][vc_column css=\u00a0\u00bb.vc_custom_1627562322556{margin-top: 0px !important;margin-bottom: 0px !important;border-top-width: 0px !important;border-bottom-width: 0px !important;padding-top: 0px !important;padding-bottom: 0px !important;}\u00a0\u00bb][\/vc_column][\/vc_row][vc_row css=\u00a0\u00bb.vc_custom_1627553435640{margin-top: 0px !important;margin-right: 0px !important;margin-bottom: 45px !important;margin-left: 0px !important;border-top-width: 0px !important;border-right-width: 0px !important;border-bottom-width: 0px !important;border-left-width: 0px !important;padding-top: 0px !important;padding-right: 0px !important;padding-bottom: 0px !important;padding-left: 0px !important;}\u00a0\u00bb][vc_column css=\u00a0\u00bb.vc_custom_1627553414681{margin-top: 0px<\/p>\n<a href=\"https:\/\/gmsuites.gr\/french\/about-us-under-request\/\" class=\"sohohotel-more-link\">Read More<\/a>","protected":false},"author":1,"featured_media":0,"parent":0,"menu_order":0,"comment_status":"closed","ping_status":"closed","template":"","meta":{"_monsterinsights_skip_tracking":false,"_monsterinsights_sitenote_active":false,"_monsterinsights_sitenote_note":"","_monsterinsights_sitenote_category":0,"footnotes":""},"aioseo_notices":[],"_links":{"self":[{"href":"https:\/\/gmsuites.gr\/french\/wp-json\/wp\/v2\/pages\/297"}],"collection":[{"href":"https:\/\/gmsuites.gr\/french\/wp-json\/wp\/v2\/pages"}],"about":[{"href":"https:\/\/gmsuites.gr\/french\/wp-json\/wp\/v2\/types\/page"}],"author":[{"embeddable":true,"href":"https:\/\/gmsuites.gr\/french\/wp-json\/wp\/v2\/users\/1"}],"replies":[{"embeddable":true,"href":"https:\/\/gmsuites.gr\/french\/wp-json\/wp\/v2\/comments?post=297"}],"version-history":[{"count":14,"href":"https:\/\/gmsuites.gr\/french\/wp-json\/wp\/v2\/pages\/297\/revisions"}],"predecessor-version":[{"id":1332,"href":"https:\/\/gmsuites.gr\/french\/wp-json\/wp\/v2\/pages\/297\/revisions\/1332"}],"wp:attachment":[{"href":"https:\/\/gmsuites.gr\/french\/wp-json\/wp\/v2\/media?parent=297"}],"curies":[{"name":"wp","href":"https:\/\/api.w.org\/{rel}","templated":true}]}}