{"id":304,"date":"2022-05-17T06:07:27","date_gmt":"2022-05-17T06:07:27","guid":{"rendered":"https:\/\/fr.gmsuites.gr\/?page_id=304"},"modified":"2023-02-19T10:02:52","modified_gmt":"2023-02-19T10:02:52","slug":"around-the-area-nature-beaches","status":"publish","type":"page","link":"https:\/\/gmsuites.gr\/french\/around-the-area-nature-beaches\/","title":{"rendered":"Nature &#038; Plages"},"content":{"rendered":"<p>[vc_row fixed_width=\u00a0\u00bbtrue\u00a0\u00bb css=\u00a0\u00bb.vc_custom_1627562291998{margin-top: 0px !important;margin-bottom: 0px !important;border-top-width: 0px !important;border-bottom-width: 0px !important;padding-top: 10px !important;padding-bottom: 0px !important;}\u00a0\u00bb][vc_column css=\u00a0\u00bb.vc_custom_1627562322556{margin-top: 0px !important;margin-bottom: 0px !important;border-top-width: 0px !important;border-bottom-width: 0px !important;padding-top: 0px !important;padding-bottom: 0px !important;}\u00a0\u00bb]<div class=\"sohohotel-fixed-height-text-image-wrapper sohohotel-clearfix\"><div class=\"sohohotel-fixed-height-text-wrapper sohohotel-fixed-height-text-wrapper-left\"><h3 class=\"sohohotel-title-28px sohohotel-clearfix sohohotel-title-left\">ITANOS - ERIMOUPOLI<\/h3><\/p>\n<p>\u00c0 quelques kilom\u00e8tres de Vai, vous trouverez le site arch\u00e9ologique d&rsquo;Itanos, juste \u00e0 c\u00f4t\u00e9 des trois baies cons\u00e9cutives d&rsquo;Erimoypolis qui plongent dans les eaux les plus bleues et cristallines. Vous pouvez ais\u00e9ment combiner la visite des sites arch\u00e9ologiques de la r\u00e9gion avec une plong\u00e9e rapide dans les eaux turquoise cristallines.<\/p>\n<p><\/div><div class=\"sohohotel-fixed-height-image-wrapper sohohotel-fixed-height-image-wrapper-right\"><div class=\"sohohotel-fixed-height-image\" style=\"background-image: url(https:\/\/gmsuites.gr\/french\/wp-content\/uploads\/sites\/3\/2022\/06\/erimoupolis.jpg); background-size: 600px 400px; height: 400px;\"><\/div><\/div><\/div><div class=\"sohohotel-fixed-height-text-image-wrapper sohohotel-clearfix\"><div class=\"sohohotel-fixed-height-text-wrapper sohohotel-fixed-height-text-wrapper-right\"><h3 class=\"sohohotel-title-28px sohohotel-clearfix sohohotel-title-left\">VAI BEACH<\/h3><\/p>\n<p>\u00c0 l&rsquo;extr\u00e9mit\u00e9 de la partie orientale de la Cr\u00e8te se trouve la plage de Vai, \u00e9galement connue sous le nom de plage des palmiers, o\u00f9 se trouve le palmier dattier cr\u00e9tois (Phoenix theophrasti). Cette plage exotique de sable blanc se forme \u00e0 l&rsquo;extr\u00e9mit\u00e9 de la for\u00eat de palmiers et offre de belles eaux cobalt, id\u00e9ales pour la plong\u00e9e en apn\u00e9e. Il est pr\u00e9f\u00e9rable de s&rsquo;y rendre au d\u00e9but ou \u00e0 la fin de l&rsquo;\u00e9t\u00e9 car cette plage peut \u00eatre tr\u00e8s fr\u00e9quent\u00e9e en haute saison.<\/p>\n<p><\/div><div class=\"sohohotel-fixed-height-image-wrapper sohohotel-fixed-height-image-wrapper-left\"><div class=\"sohohotel-fixed-height-image\" style=\"background-image: url(https:\/\/gmsuites.gr\/french\/wp-content\/uploads\/sites\/3\/2022\/06\/vai.jpg); background-size: 600px 400px; height: 400px;\"><\/div><\/div><\/div><div class=\"sohohotel-fixed-height-text-image-wrapper sohohotel-clearfix\"><div class=\"sohohotel-fixed-height-text-wrapper sohohotel-fixed-height-text-wrapper-left\"><h3 class=\"sohohotel-title-28px sohohotel-clearfix sohohotel-title-left\">CHRISSI ISLAND<\/h3><\/p>\n<p>Situ\u00e9e \u00e0 8 miles au sud d&rsquo;Ierapetra, l&rsquo;\u00eele de Chrissi est un refuge pour la faune et la flore sauvages et poss\u00e8de des eaux cristallines et une for\u00eat prot\u00e9g\u00e9e de gen\u00e9vriers. Tirant son nom de la couleur rose dor\u00e9 de son sable fin, l&rsquo;\u00eele de Chrissi (qui signifie dor\u00e9 en grec) est \u00e9galement connue comme un paradis pour les amateurs de g\u00e9ologie en raison des milliers de coquillages morts qui se sont accumul\u00e9s au fil du temps et fossilis\u00e9s ici.<\/p>\n<p><\/div><div class=\"sohohotel-fixed-height-image-wrapper sohohotel-fixed-height-image-wrapper-right\"><div class=\"sohohotel-fixed-height-image\" style=\"background-image: url(https:\/\/gmsuites.gr\/french\/wp-content\/uploads\/sites\/3\/2022\/06\/chrissi.jpg); background-size: 600px 400px; height: 400px;\"><\/div><\/div><\/div><div class=\"sohohotel-fixed-height-text-image-wrapper sohohotel-clearfix\"><div class=\"sohohotel-fixed-height-text-wrapper sohohotel-fixed-height-text-wrapper-right\"><h3 class=\"sohohotel-title-28px sohohotel-clearfix sohohotel-title-left\">RICHTIS GORGE<\/h3><\/p>\n<p>La gorge de Richtis est une gorge qui commence au village traditionnel d&rsquo;Exo Mouliana, situ\u00e9 sur la route nationale entre Agios Nikolaos et Sitia, et se termine \u00e0 la plage isol\u00e9e de Richtis, juste \u00e0 l&rsquo;est du village de Kalavros. Le sentier de randonn\u00e9e fait environ 4 km. Une v\u00e9g\u00e9tation riche (principalement des platanes, des baies sauvages, des fleurs et des herbes locales) et une vie animale (principalement des esp\u00e8ces locales de papillons, de petits reptiles, d&rsquo;oiseaux et de petits mammif\u00e8res) peuvent \u00eatre observ\u00e9es le long du chemin, ainsi que de vieux ponts en pierre et des moulins \u00e0 eau avant de culminer avec la cascade et la plage de Richtis, faisant du sentier de la gorge de Richtis l&rsquo;une des exp\u00e9riences de randonn\u00e9e les plus diversifi\u00e9es de Cr\u00e8te.<\/p>\n<p><\/div><div class=\"sohohotel-fixed-height-image-wrapper sohohotel-fixed-height-image-wrapper-left\"><div class=\"sohohotel-fixed-height-image\" style=\"background-image: url(https:\/\/gmsuites.gr\/french\/wp-content\/uploads\/sites\/3\/2022\/06\/richtis.jpg); background-size: 600px 400px; height: 400px;\"><\/div><\/div><\/div><div class=\"sohohotel-fixed-height-text-image-wrapper sohohotel-clearfix\"><div class=\"sohohotel-fixed-height-text-wrapper sohohotel-fixed-height-text-wrapper-left\"><h3 class=\"sohohotel-title-28px sohohotel-clearfix sohohotel-title-left\">MOHLOS<\/h3><\/p>\n<p>Situ\u00e9e \u00e0 35 kilom\u00e8tres de Sitia, c&rsquo;est une plage id\u00e9ale pour ceux qui recherchent la tranquillit\u00e9 et la paix. Elle est rocheuse et sauvage mais les eaux cristallines r\u00e9compensent le visiteur. Les nageurs audacieux peuvent nager jusqu&rsquo;\u00e0 la petite \u00eele d&rsquo;en face, pour voir les sites antiques de l&rsquo;\u00e8re minoenne.<\/p>\n<p><\/div><div class=\"sohohotel-fixed-height-image-wrapper sohohotel-fixed-height-image-wrapper-right\"><div class=\"sohohotel-fixed-height-image\" style=\"background-image: url(https:\/\/gmsuites.gr\/french\/wp-content\/uploads\/sites\/3\/2022\/06\/MOCHLOS.jpg); background-size: 600px 400px; height: 400px;\"><\/div><\/div><\/div>[\/vc_column][\/vc_row]<\/p>\n","protected":false},"excerpt":{"rendered":"<p>[vc_row fixed_width=\u00a0\u00bbtrue\u00a0\u00bb css=\u00a0\u00bb.vc_custom_1627562291998{margin-top: 0px !important;margin-bottom: 0px !important;border-top-width: 0px !important;border-bottom-width: 0px !important;padding-top: 10px !important;padding-bottom: 0px !important;}\u00a0\u00bb][vc_column css=\u00a0\u00bb.vc_custom_1627562322556{margin-top: 0px !important;margin-bottom: 0px !important;border-top-width: 0px !important;border-bottom-width: 0px !important;padding-top: 0px !important;padding-bottom: 0px !important;}\u00a0\u00bb][\/vc_column][\/vc_row]<\/p>\n<a href=\"https:\/\/gmsuites.gr\/french\/around-the-area-nature-beaches\/\" class=\"sohohotel-more-link\">Read More<\/a>","protected":false},"author":1,"featured_media":0,"parent":0,"menu_order":0,"comment_status":"closed","ping_status":"closed","template":"","meta":{"_monsterinsights_skip_tracking":false,"_monsterinsights_sitenote_active":false,"_monsterinsights_sitenote_note":"","_monsterinsights_sitenote_category":0,"footnotes":""},"aioseo_notices":[],"_links":{"self":[{"href":"https:\/\/gmsuites.gr\/french\/wp-json\/wp\/v2\/pages\/304"}],"collection":[{"href":"https:\/\/gmsuites.gr\/french\/wp-json\/wp\/v2\/pages"}],"about":[{"href":"https:\/\/gmsuites.gr\/french\/wp-json\/wp\/v2\/types\/page"}],"author":[{"embeddable":true,"href":"https:\/\/gmsuites.gr\/french\/wp-json\/wp\/v2\/users\/1"}],"replies":[{"embeddable":true,"href":"https:\/\/gmsuites.gr\/french\/wp-json\/wp\/v2\/comments?post=304"}],"version-history":[{"count":9,"href":"https:\/\/gmsuites.gr\/french\/wp-json\/wp\/v2\/pages\/304\/revisions"}],"predecessor-version":[{"id":1242,"href":"https:\/\/gmsuites.gr\/french\/wp-json\/wp\/v2\/pages\/304\/revisions\/1242"}],"wp:attachment":[{"href":"https:\/\/gmsuites.gr\/french\/wp-json\/wp\/v2\/media?parent=304"}],"curies":[{"name":"wp","href":"https:\/\/api.w.org\/{rel}","templated":true}]}}