{"id":306,"date":"2022-05-17T06:08:05","date_gmt":"2022-05-17T06:08:05","guid":{"rendered":"https:\/\/fr.gmsuites.gr\/?page_id=306"},"modified":"2023-10-29T09:43:24","modified_gmt":"2023-10-29T09:43:24","slug":"around-the-area-activities","status":"publish","type":"page","link":"https:\/\/gmsuites.gr\/french\/around-the-area-activities\/","title":{"rendered":"Activit\u00e9s"},"content":{"rendered":"<p>[vc_row fixed_width=\u00a0\u00bbtrue\u00a0\u00bb css=\u00a0\u00bb.vc_custom_1627562291998{margin-top: 0px !important;margin-bottom: 0px !important;border-top-width: 0px !important;border-bottom-width: 0px !important;padding-top: 10px !important;padding-bottom: 0px !important;}\u00a0\u00bb][vc_column css=\u00a0\u00bb.vc_custom_1627562322556{margin-top: 0px !important;margin-bottom: 0px !important;border-top-width: 0px !important;border-bottom-width: 0px !important;padding-top: 0px !important;padding-bottom: 0px !important;}\u00a0\u00bb]<div class=\"sohohotel-fixed-height-text-image-wrapper sohohotel-clearfix\"><div class=\"sohohotel-fixed-height-text-wrapper sohohotel-fixed-height-text-wrapper-left\"><h3 class=\"sohohotel-title-28px sohohotel-clearfix sohohotel-title-left\">HIKING & CYCLING<\/h3><\/p>\n<p style=\"text-align: left;\">Les imposantes montagnes de Cr\u00e8te ainsi que l&rsquo;incroyable beaut\u00e9 du paysage offrent une exp\u00e9rience de randonn\u00e9e agr\u00e9able. Les gorges de Richtis sont situ\u00e9es \u00e0 une heure \u00e0 peine du centre de Sitia. Il s&rsquo;agit d&rsquo;un parc prot\u00e9g\u00e9 par l&rsquo;\u00c9tat, dot\u00e9 d&rsquo;une v\u00e9g\u00e9tation abondante et d&rsquo;une cascade magique qui coule en permanence, m\u00eame pendant les mois d&rsquo;\u00e9t\u00e9. La chute d&rsquo;eau de Richtis est l&rsquo;attraction centrale de l&rsquo;endroit. La randonn\u00e9e \u00e0 travers la gorge aboutit \u00e0 une plage isol\u00e9e.<\/p>\n<p style=\"text-align: left;\">L&rsquo;\u00eele de Cr\u00e8te offre de nombreux types d&rsquo;excursions qui peuvent r\u00e9pondre \u00e0 diff\u00e9rents besoins que vous recherchiez une promenade tranquille \u00e0 v\u00e9lo \u00e0 travers les plus anciennes oliveraies et les villages grotesques de la r\u00e9gion, ou des d\u00e9fis tels que la randonn\u00e9e sur des terrains accident\u00e9s.<\/p>\n<p><\/div><div class=\"sohohotel-fixed-height-image-wrapper sohohotel-fixed-height-image-wrapper-right\"><div class=\"sohohotel-fixed-height-image\" style=\"background-image: url(https:\/\/gmsuites.gr\/french\/wp-content\/uploads\/sites\/3\/2022\/06\/HIKING.jpg); background-size: 600px 400px; height: 400px;\"><\/div><\/div><\/div><div class=\"sohohotel-fixed-height-text-image-wrapper sohohotel-clearfix\"><div class=\"sohohotel-fixed-height-text-wrapper sohohotel-fixed-height-text-wrapper-right\"><h3 class=\"sohohotel-title-28px sohohotel-clearfix sohohotel-title-left\">NIGHTLIFE<\/h3>La ville de Sitia offre de nombreuses possibilit\u00e9s de restauration et de divertissement nocturne. Les clients ont la possibilit\u00e9 de faire l&rsquo;exp\u00e9rience du style de vie et de l&rsquo;hospitalit\u00e9 cr\u00e9tois en visitant les tavernes, bars et caf\u00e9t\u00e9rias grotesques qui se trouvent le long de la marina de Sitia. Dans les tavernes ou les \u00ab\u00a0rakadika\u00a0\u00bb traditionnels (lieux o\u00f9 l&rsquo;on sert la boisson locale \u00ab\u00a0raki\u00a0\u00bb), les clients peuvent go\u00fbter les d\u00e9lices de la cuisine cr\u00e9toise ainsi que les meilleurs vins et le fameux raki (connu sous le nom de \u00ab\u00a0tsikoudia\u00a0\u00bb) de la r\u00e9gion. La vie nocturne est compl\u00e8te avec une visite des bars ou des clubs locaux.<\/div><div class=\"sohohotel-fixed-height-image-wrapper sohohotel-fixed-height-image-wrapper-left\"><div class=\"sohohotel-fixed-height-image\" style=\"background-image: url(https:\/\/gmsuites.gr\/french\/wp-content\/uploads\/sites\/3\/2022\/06\/nightlife.jpg); background-size: 600px 400px; height: 400px;\"><\/div><\/div><\/div><div class=\"sohohotel-fixed-height-text-image-wrapper sohohotel-clearfix\"><div class=\"sohohotel-fixed-height-text-wrapper sohohotel-fixed-height-text-wrapper-left\"><h3 class=\"sohohotel-title-28px sohohotel-clearfix sohohotel-title-left\">WINDSURFING<\/h3>La Cr\u00e8te orientale, avec la grande plage de Kouremenos, est l&rsquo;un des meilleurs endroits de Gr\u00e8ce pour les passionn\u00e9s de planche \u00e0 voile. Profitez du Meltemi surtout pendant les mois de juillet et ao\u00fbt, lorsque le vent souffle fort dans la r\u00e9gion. Sur la plage, il y a une \u00e9cole de planche \u00e0 voile bien organis\u00e9e, anim\u00e9e par des professeurs professionnels, qui fournit du mat\u00e9riel et donne des cours aux d\u00e9butants et aux v\u00e9liplanchistes exp\u00e9riment\u00e9s.<\/div><div class=\"sohohotel-fixed-height-image-wrapper sohohotel-fixed-height-image-wrapper-right\"><div class=\"sohohotel-fixed-height-image\" style=\"background-image: url(https:\/\/gmsuites.gr\/french\/wp-content\/uploads\/sites\/3\/2022\/06\/windsurf.jpg); background-size: 600px 400px; height: 400px;\"><\/div><\/div><\/div><div class=\"sohohotel-fixed-height-text-image-wrapper sohohotel-clearfix\"><div class=\"sohohotel-fixed-height-text-wrapper sohohotel-fixed-height-text-wrapper-right\"><h3 class=\"sohohotel-title-28px sohohotel-clearfix sohohotel-title-left\">SCUBA DIVING<\/h3>L&rsquo;\u00eele est id\u00e9ale pour la plong\u00e9e sous-marine, pour des excursions organis\u00e9es et des exp\u00e9riences inoubliables. Vous pouvez pratiquer la voile, et des bateaux et autres embarcations sont disponibles \u00e0 la location. Demandez-nous et nous vous donnerons toutes les informations dont vous avez besoin.<\/div><div class=\"sohohotel-fixed-height-image-wrapper sohohotel-fixed-height-image-wrapper-left\"><div class=\"sohohotel-fixed-height-image\" style=\"background-image: url(https:\/\/gmsuites.gr\/french\/wp-content\/uploads\/sites\/3\/2022\/06\/scuba.jpg); background-size: 600px 400px; height: 400px;\"><\/div><\/div><\/div>[\/vc_column][\/vc_row]<\/p>\n","protected":false},"excerpt":{"rendered":"<p>[vc_row fixed_width=\u00a0\u00bbtrue\u00a0\u00bb css=\u00a0\u00bb.vc_custom_1627562291998{margin-top: 0px !important;margin-bottom: 0px !important;border-top-width: 0px !important;border-bottom-width: 0px !important;padding-top: 10px !important;padding-bottom: 0px !important;}\u00a0\u00bb][vc_column css=\u00a0\u00bb.vc_custom_1627562322556{margin-top: 0px !important;margin-bottom: 0px !important;border-top-width: 0px !important;border-bottom-width: 0px !important;padding-top: 0px !important;padding-bottom: 0px !important;}\u00a0\u00bb][\/vc_column][\/vc_row]<\/p>\n<a href=\"https:\/\/gmsuites.gr\/french\/around-the-area-activities\/\" class=\"sohohotel-more-link\">Read More<\/a>","protected":false},"author":1,"featured_media":0,"parent":0,"menu_order":0,"comment_status":"closed","ping_status":"closed","template":"","meta":{"_monsterinsights_skip_tracking":false,"_monsterinsights_sitenote_active":false,"_monsterinsights_sitenote_note":"","_monsterinsights_sitenote_category":0,"footnotes":""},"aioseo_notices":[],"_links":{"self":[{"href":"https:\/\/gmsuites.gr\/french\/wp-json\/wp\/v2\/pages\/306"}],"collection":[{"href":"https:\/\/gmsuites.gr\/french\/wp-json\/wp\/v2\/pages"}],"about":[{"href":"https:\/\/gmsuites.gr\/french\/wp-json\/wp\/v2\/types\/page"}],"author":[{"embeddable":true,"href":"https:\/\/gmsuites.gr\/french\/wp-json\/wp\/v2\/users\/1"}],"replies":[{"embeddable":true,"href":"https:\/\/gmsuites.gr\/french\/wp-json\/wp\/v2\/comments?post=306"}],"version-history":[{"count":9,"href":"https:\/\/gmsuites.gr\/french\/wp-json\/wp\/v2\/pages\/306\/revisions"}],"predecessor-version":[{"id":1334,"href":"https:\/\/gmsuites.gr\/french\/wp-json\/wp\/v2\/pages\/306\/revisions\/1334"}],"wp:attachment":[{"href":"https:\/\/gmsuites.gr\/french\/wp-json\/wp\/v2\/media?parent=306"}],"curies":[{"name":"wp","href":"https:\/\/api.w.org\/{rel}","templated":true}]}}