{"id":69,"date":"2022-05-09T16:25:50","date_gmt":"2022-05-09T16:25:50","guid":{"rendered":"http:\/\/fr.gmsuites.gr\/?page_id=69"},"modified":"2023-10-29T09:36:59","modified_gmt":"2023-10-29T09:36:59","slug":"about-us-ii","status":"publish","type":"page","link":"https:\/\/gmsuites.gr\/french\/about-us-ii\/","title":{"rendered":"Prestations de base"},"content":{"rendered":"<p>[vc_row fixed_width=\u00a0\u00bbtrue\u00a0\u00bb css=\u00a0\u00bb.vc_custom_1627562291998{margin-top: 0px !important;margin-bottom: 0px !important;border-top-width: 0px !important;border-bottom-width: 0px !important;padding-top: 10px !important;padding-bottom: 0px !important;}\u00a0\u00bb][vc_column css=\u00a0\u00bb.vc_custom_1627562322556{margin-top: 0px !important;margin-bottom: 0px !important;border-top-width: 0px !important;border-bottom-width: 0px !important;padding-top: 0px !important;padding-bottom: 0px !important;}\u00a0\u00bb]<div class=\"sohohotel-fixed-height-text-image-wrapper sohohotel-clearfix\"><div class=\"sohohotel-fixed-height-text-wrapper sohohotel-fixed-height-text-wrapper-left\"><h3 class=\"sohohotel-title-28px sohohotel-clearfix sohohotel-title-left\">R\u00e9ception et service 24h\/24<\/h3>La r\u00e9ception et le service aux clients sont propos\u00e9s toute la journ\u00e9e sur demande.<\/div><div class=\"sohohotel-fixed-height-image-wrapper sohohotel-fixed-height-image-wrapper-right\"><div class=\"sohohotel-fixed-height-image\" style=\"background-image: url(https:\/\/gmsuites.gr\/french\/wp-content\/uploads\/sites\/3\/2023\/03\/24reception-e1677747882984.jpg); background-size: 600px 400px; height: 400px;\"><\/div><\/div><\/div><div class=\"sohohotel-fixed-height-text-image-wrapper sohohotel-clearfix\"><div class=\"sohohotel-fixed-height-text-wrapper sohohotel-fixed-height-text-wrapper-right\"><h3 class=\"sohohotel-title-28px sohohotel-clearfix sohohotel-title-left\">Service de transfert de bagages<\/h3>Notre \u00e9tablissement propose des services de transfert des bagages, afin qu&rsquo;ils soient transf\u00e9r\u00e9s directement et en toute s\u00e9curit\u00e9 \u00e0 votre logement sur demande.<\/div><div class=\"sohohotel-fixed-height-image-wrapper sohohotel-fixed-height-image-wrapper-left\"><div class=\"sohohotel-fixed-height-image\" style=\"background-image: url(https:\/\/gmsuites.gr\/french\/wp-content\/uploads\/sites\/3\/2023\/03\/luggage-e1677747944764.jpg); background-size: 600px 400px; height: 400px;\"><\/div><\/div><\/div><div class=\"sohohotel-fixed-height-text-image-wrapper sohohotel-clearfix\"><div class=\"sohohotel-fixed-height-text-wrapper sohohotel-fixed-height-text-wrapper-left\"><h3 class=\"sohohotel-title-28px sohohotel-clearfix sohohotel-title-left\">Salle de sport enti\u00e8rement \u00e9quip\u00e9e<\/h3><\/p>\n<p style=\"text-align: left;\">Une salle de sport enti\u00e8rement \u00e9quip\u00e9e est situ\u00e9e dans les locaux de GM exclusive. Vous pouvez y acc\u00e9der \u00e0 tout moment. Des poids libres, des machines et des \u00e9quipements d&rsquo;a\u00e9robic sont disponibles pour tout programme de fitness que vous choisissez de suivre.<\/p>\n<p><\/div><div class=\"sohohotel-fixed-height-image-wrapper sohohotel-fixed-height-image-wrapper-right\"><div class=\"sohohotel-fixed-height-image\" style=\"background-image: url(https:\/\/gmsuites.gr\/french\/wp-content\/uploads\/sites\/3\/2023\/03\/gym-e1677747897435.jpg); background-size: 600px 400px; height: 400px;\"><\/div><\/div><\/div><div class=\"sohohotel-fixed-height-text-image-wrapper sohohotel-clearfix\"><div class=\"sohohotel-fixed-height-text-wrapper sohohotel-fixed-height-text-wrapper-right\"><h3 class=\"sohohotel-title-28px sohohotel-clearfix sohohotel-title-left\">Fumoir<\/h3>L&rsquo;h\u00e9bergement propose une zone fumeurs d\u00e9sign\u00e9e, une pi\u00e8ce dans laquelle il est permis de fumer.<\/div><div class=\"sohohotel-fixed-height-image-wrapper sohohotel-fixed-height-image-wrapper-left\"><div class=\"sohohotel-fixed-height-image\" style=\"background-image: url(https:\/\/gmsuites.gr\/french\/wp-content\/uploads\/sites\/3\/2023\/03\/smoking-room-e1677747955313.jpg); background-size: 600px 400px; height: 400px;\"><\/div><\/div><\/div><div class=\"sohohotel-fixed-height-text-image-wrapper sohohotel-clearfix\"><div class=\"sohohotel-fixed-height-text-wrapper sohohotel-fixed-height-text-wrapper-left\"><h3 class=\"sohohotel-title-28px sohohotel-clearfix sohohotel-title-left\">Espace commun avec lave-linge, s\u00e8che-linge et fer \u00e0 repasser<\/h3><\/p>\n<p style=\"text-align: left;\">Il est possible de laver, s\u00e9cher et repasser vos v\u00eatements, quand vous le souhaitez. Dans un espace sp\u00e9cialement am\u00e9nag\u00e9 vous trouverez des machines sp\u00e9ciales et des \u00e9quipements adapt\u00e9s qui vous permettront de le faire imm\u00e9diatement et facilement.<\/p>\n<p><\/div><div class=\"sohohotel-fixed-height-image-wrapper sohohotel-fixed-height-image-wrapper-right\"><div class=\"sohohotel-fixed-height-image\" style=\"background-image: url(https:\/\/gmsuites.gr\/french\/wp-content\/uploads\/sites\/3\/2023\/03\/laundry-room-e1677747918221.jpg); background-size: 600px 400px; height: 400px;\"><\/div><\/div><\/div><div class=\"sohohotel-fixed-height-text-image-wrapper sohohotel-clearfix\"><div class=\"sohohotel-fixed-height-text-wrapper sohohotel-fixed-height-text-wrapper-right\"><h3 class=\"sohohotel-title-28px sohohotel-clearfix sohohotel-title-left\">Mise \u00e0 disposition d'ordinateur portable<\/h3>Notre h\u00e9bergement dispose d&rsquo;ordinateurs portables qui sont mis gratuitement \u00e0 la disposition de nos clients. Il vous suffit de demander ce service.<\/div><div class=\"sohohotel-fixed-height-image-wrapper sohohotel-fixed-height-image-wrapper-left\"><div class=\"sohohotel-fixed-height-image\" style=\"background-image: url(https:\/\/gmsuites.gr\/french\/wp-content\/uploads\/sites\/3\/2023\/03\/laptop-e1677747909124.jpg); background-size: 600px 400px; height: 400px;\"><\/div><\/div><\/div>[\/vc_column][\/vc_row]<\/p>\n","protected":false},"excerpt":{"rendered":"<p>[vc_row fixed_width=\u00a0\u00bbtrue\u00a0\u00bb css=\u00a0\u00bb.vc_custom_1627562291998{margin-top: 0px !important;margin-bottom: 0px !important;border-top-width: 0px !important;border-bottom-width: 0px !important;padding-top: 10px !important;padding-bottom: 0px !important;}\u00a0\u00bb][vc_column css=\u00a0\u00bb.vc_custom_1627562322556{margin-top: 0px !important;margin-bottom: 0px !important;border-top-width: 0px !important;border-bottom-width: 0px !important;padding-top: 0px !important;padding-bottom: 0px !important;}\u00a0\u00bb][\/vc_column][\/vc_row]<\/p>\n<a href=\"https:\/\/gmsuites.gr\/french\/about-us-ii\/\" class=\"sohohotel-more-link\">Read More<\/a>","protected":false},"author":1,"featured_media":0,"parent":0,"menu_order":0,"comment_status":"closed","ping_status":"closed","template":"","meta":{"_monsterinsights_skip_tracking":false,"_monsterinsights_sitenote_active":false,"_monsterinsights_sitenote_note":"","_monsterinsights_sitenote_category":0,"footnotes":""},"aioseo_notices":[],"_links":{"self":[{"href":"https:\/\/gmsuites.gr\/french\/wp-json\/wp\/v2\/pages\/69"}],"collection":[{"href":"https:\/\/gmsuites.gr\/french\/wp-json\/wp\/v2\/pages"}],"about":[{"href":"https:\/\/gmsuites.gr\/french\/wp-json\/wp\/v2\/types\/page"}],"author":[{"embeddable":true,"href":"https:\/\/gmsuites.gr\/french\/wp-json\/wp\/v2\/users\/1"}],"replies":[{"embeddable":true,"href":"https:\/\/gmsuites.gr\/french\/wp-json\/wp\/v2\/comments?post=69"}],"version-history":[{"count":18,"href":"https:\/\/gmsuites.gr\/french\/wp-json\/wp\/v2\/pages\/69\/revisions"}],"predecessor-version":[{"id":1331,"href":"https:\/\/gmsuites.gr\/french\/wp-json\/wp\/v2\/pages\/69\/revisions\/1331"}],"wp:attachment":[{"href":"https:\/\/gmsuites.gr\/french\/wp-json\/wp\/v2\/media?parent=69"}],"curies":[{"name":"wp","href":"https:\/\/api.w.org\/{rel}","templated":true}]}}