{"id":891,"date":"2023-01-26T08:08:59","date_gmt":"2023-01-26T08:08:59","guid":{"rendered":"https:\/\/fr.gmsuites.gr\/?page_id=891"},"modified":"2023-11-27T22:29:19","modified_gmt":"2023-11-27T22:29:19","slug":"cancellation-policy-refunds","status":"publish","type":"page","link":"https:\/\/gmsuites.gr\/french\/cancellation-policy-refunds\/","title":{"rendered":"Politique d&rsquo;annulation et remboursements"},"content":{"rendered":"<p>[vc_row][vc_column][vc_column_text]<\/p>\r\n<p>&nbsp;<\/p>\r\n<p><strong>Politique d&rsquo;annulation des r\u00e9servations<\/strong><\/p>\r\n<p><!-- \/wp:paragraph -->Les clients sont pri\u00e9s d&rsquo;informer en temps utile GM Exclusive Luxury Suites &amp; Spa de tout changement ou annulation concernant leur r\u00e9servation.<\/p>\r\n<p><!-- \/wp:paragraph -->En cas d&rsquo;annulation, notre politique est la suivante:<\/p>\r\n<p>1)<!-- \/wp:paragraph --><strong>Remboursement int\u00e9gral<\/strong>: L&rsquo;annulation doit \u00eatre faite 14 jours avant la date d&rsquo;arriv\u00e9e.<!-- \/wp:paragraph --><\/p>\r\n<p>2)<!-- \/wp:paragraph --><strong>Prix non remboursable.<\/strong><\/p>\r\n<p>&nbsp;<\/p>\r\n<p><!-- \/wp:paragraph --><strong>Plus d&rsquo;informations<\/strong><\/p>\r\n<p><!-- \/wp:paragraph --><strong>Calendrier des remboursements:<\/strong> Il est tr\u00e8s probable que votre remboursement ne vous parvienne pas tout de suite, m\u00eame si nous l&rsquo;envoyons d\u00e8s que vous annulez.<\/p>\r\n<p><!-- \/wp:paragraph --><strong>Heures limites d&rsquo;annulation:<\/strong> Les heures limites sont exprim\u00e9es en heure locale du voyage.<\/p>\r\n<!-- \/wp:paragraph -->\r\n<p><!-- wp:paragraph --><strong>Coupons:<\/strong> Les coupons ne sont pas remboursables.<\/p>\r\n<p><!-- \/wp:paragraph --><strong>Frais de service:<\/strong> Les frais de service pour les s\u00e9jours ne sont pas remboursables si vous annulez apr\u00e8s la fin de la p\u00e9riode de remboursement gratuit de votre r\u00e9servation.<\/p>\r\n<p><!-- \/wp:paragraph -->\u00a0<\/p>\r\n<p><!-- wp:paragraph --><!-- \/wp:paragraph -->\u00a0<\/p>\r\n<p>[\/vc_column_text][\/vc_column][\/vc_row]<\/p>","protected":false},"excerpt":{"rendered":"<p>[vc_row][vc_column][vc_column_text] &nbsp; Politique d&rsquo;annulation des r\u00e9servations Les clients sont pri\u00e9s d&rsquo;informer en temps utile GM Exclusive Luxury Suites &amp; Spa de tout changement ou annulation concernant leur r\u00e9servation. En cas d&rsquo;annulation, notre politique est la suivante: 1)Remboursement int\u00e9gral: L&rsquo;annulation doit \u00eatre faite 14 jours avant la date d&rsquo;arriv\u00e9e. 2)Prix non remboursable. &nbsp; Plus d&rsquo;informations Calendrier<\/p>\n<a href=\"https:\/\/gmsuites.gr\/french\/cancellation-policy-refunds\/\" class=\"sohohotel-more-link\">Read More<\/a>","protected":false},"author":1,"featured_media":0,"parent":0,"menu_order":0,"comment_status":"closed","ping_status":"closed","template":"","meta":{"_monsterinsights_skip_tracking":false,"_monsterinsights_sitenote_active":false,"_monsterinsights_sitenote_note":"","_monsterinsights_sitenote_category":0,"footnotes":""},"aioseo_notices":[],"_links":{"self":[{"href":"https:\/\/gmsuites.gr\/french\/wp-json\/wp\/v2\/pages\/891"}],"collection":[{"href":"https:\/\/gmsuites.gr\/french\/wp-json\/wp\/v2\/pages"}],"about":[{"href":"https:\/\/gmsuites.gr\/french\/wp-json\/wp\/v2\/types\/page"}],"author":[{"embeddable":true,"href":"https:\/\/gmsuites.gr\/french\/wp-json\/wp\/v2\/users\/1"}],"replies":[{"embeddable":true,"href":"https:\/\/gmsuites.gr\/french\/wp-json\/wp\/v2\/comments?post=891"}],"version-history":[{"count":11,"href":"https:\/\/gmsuites.gr\/french\/wp-json\/wp\/v2\/pages\/891\/revisions"}],"predecessor-version":[{"id":1377,"href":"https:\/\/gmsuites.gr\/french\/wp-json\/wp\/v2\/pages\/891\/revisions\/1377"}],"wp:attachment":[{"href":"https:\/\/gmsuites.gr\/french\/wp-json\/wp\/v2\/media?parent=891"}],"curies":[{"name":"wp","href":"https:\/\/api.w.org\/{rel}","templated":true}]}}